{"id":59,"date":"2024-03-19T23:29:42","date_gmt":"2024-03-19T22:29:42","guid":{"rendered":"https:\/\/pis.net.pl\/?page_id=59"},"modified":"2024-03-19T23:29:42","modified_gmt":"2024-03-19T22:29:42","slug":"program-dla-swinoujscia","status":"publish","type":"page","link":"http:\/\/pis.net.pl\/?page_id=59","title":{"rendered":"Program dla \u015awinouj\u015bcia"},"content":{"rendered":"\n<ol class=\"wp-block-list\">\n<li>Zapewnienie dost\u0119pu do pla\u017cy i zabytk\u00f3w na wyspie Wolin<\/li>\n\n\n\n<li>Doprowadzenie do budowy molo w \u015awinouj\u015bciu<\/li>\n\n\n\n<li>Wsparcie ma\u0142ego biznesu poprzez zmniejszenie op\u0142at<\/li>\n\n\n\n<li>Poprawa warunk\u00f3w rozwoju osiedla Posejdon i handlu przygranicznego<\/li>\n\n\n\n<li>Zmiana lokalizacji ciep\u0142owni miejskiej<\/li>\n\n\n\n<li>Usprawnienie organizacji ruchu samochodowego<\/li>\n\n\n\n<li>Przebudowa komunikacji autobusowej aby w\u0142a\u015bciwie s\u0142u\u017cy\u0142a mieszka\u0144com<\/li>\n\n\n\n<li>O\u017cywienie obiekt\u00f3w turystyki wodnej (marin i przystani \u017ceglarskich)<\/li>\n\n\n\n<li>Wsparcie materialne i organizacyjne dla klub\u00f3w sportowych<\/li>\n\n\n\n<li>Budowa kompleksu kulturalno-rozrywkowego dla m\u0142odzie\u017cy<\/li>\n\n\n\n<li>Zabezpieczenie Rodzinnych Ogrod\u00f3w Dzia\u0142kowych poprzez wpisanie do stref zielonych oraz wsparcie materialne i organizacyjne<\/li>\n\n\n\n<li>Weryfikacja stref p\u0142atnego parkowania<\/li>\n\n\n\n<li>Dofinansowanie zabieg\u00f3w rehabilitacyjnych dla mieszka\u0144c\u00f3w<\/li>\n\n\n\n<li>Zracjonalizowanie gospodarki pustostanami<\/li>\n\n\n\n<li>Zagospodarowanie miejsc wewn\u0105trz kwarta\u0142\u00f3w na tereny zielone i strefy wypoczynku<\/li>\n\n\n\n<li>Budowa nowych uj\u0119\u0107 wody<\/li>\n<\/ol>\n","protected":false},"excerpt":{"rendered":"","protected":false},"author":1,"featured_media":0,"parent":0,"menu_order":0,"comment_status":"closed","ping_status":"closed","template":"","meta":{"footnotes":""},"class_list":["post-59","page","type-page","status-publish","hentry"],"_links":{"self":[{"href":"http:\/\/pis.net.pl\/index.php?rest_route=\/wp\/v2\/pages\/59","targetHints":{"allow":["GET"]}}],"collection":[{"href":"http:\/\/pis.net.pl\/index.php?rest_route=\/wp\/v2\/pages"}],"about":[{"href":"http:\/\/pis.net.pl\/index.php?rest_route=\/wp\/v2\/types\/page"}],"author":[{"embeddable":true,"href":"http:\/\/pis.net.pl\/index.php?rest_route=\/wp\/v2\/users\/1"}],"replies":[{"embeddable":true,"href":"http:\/\/pis.net.pl\/index.php?rest_route=%2Fwp%2Fv2%2Fcomments&post=59"}],"version-history":[{"count":1,"href":"http:\/\/pis.net.pl\/index.php?rest_route=\/wp\/v2\/pages\/59\/revisions"}],"predecessor-version":[{"id":60,"href":"http:\/\/pis.net.pl\/index.php?rest_route=\/wp\/v2\/pages\/59\/revisions\/60"}],"wp:attachment":[{"href":"http:\/\/pis.net.pl\/index.php?rest_route=%2Fwp%2Fv2%2Fmedia&parent=59"}],"curies":[{"name":"wp","href":"https:\/\/api.w.org\/{rel}","templated":true}]}}